{"id":97,"date":"2021-03-16T20:14:28","date_gmt":"2021-03-16T20:14:28","guid":{"rendered":"https:\/\/b\u00fcrgertreff-schildgen.de\/?page_id=97"},"modified":"2025-12-31T10:17:09","modified_gmt":"2025-12-31T10:17:09","slug":"belegungsplan","status":"publish","type":"page","link":"https:\/\/b\u00fcrgertreff-schildgen.de\/?page_id=97","title":{"rendered":"Belegungsplan"},"content":{"rendered":"\t\t<div data-elementor-type=\"wp-page\" data-elementor-id=\"97\" class=\"elementor elementor-97\">\n\t\t\t\t\t\t<section class=\"elementor-section elementor-top-section elementor-element elementor-element-e6a9c46 elementor-section-boxed elementor-section-height-default elementor-section-height-default\" data-id=\"e6a9c46\" data-element_type=\"section\" data-e-type=\"section\">\n\t\t\t\t\t\t<div class=\"elementor-container elementor-column-gap-default\">\n\t\t\t\t\t<div class=\"elementor-column elementor-col-100 elementor-top-column elementor-element elementor-element-ca6c300\" data-id=\"ca6c300\" data-element_type=\"column\" data-e-type=\"column\">\n\t\t\t<div class=\"elementor-widget-wrap elementor-element-populated\">\n\t\t\t\t\t\t<div class=\"elementor-element elementor-element-01a5b05 elementor-widget elementor-widget-image\" data-id=\"01a5b05\" data-element_type=\"widget\" data-e-type=\"widget\" data-widget_type=\"image.default\">\n\t\t\t\t<div class=\"elementor-widget-container\">\n\t\t\t\t\t\t\t\t\t\t\t\t\t\t\t<img decoding=\"async\" src=\"https:\/\/b\u00fcrgertreff-schildgen.de\/wp-content\/uploads\/elementor\/thumbs\/Bu\u0308rgertreff-35-scaled-p49p3bhekei9akal620niibrf417bkzxex68q3ybtk.jpg\" title=\"Bu\u0308rgertreff&#8211;35\" alt=\"Das Bild zeigt den Eingangsbereich des B\u00fcrgertreffs von Au\u00dfen\" loading=\"lazy\" \/>\t\t\t\t\t\t\t\t\t\t\t\t\t\t\t<\/div>\n\t\t\t\t<\/div>\n\t\t\t\t\t<\/div>\n\t\t<\/div>\n\t\t\t\t\t<\/div>\n\t\t<\/section>\n\t\t\t\t<section class=\"elementor-section elementor-top-section elementor-element elementor-element-1510a9f elementor-section-boxed elementor-section-height-default elementor-section-height-default\" data-id=\"1510a9f\" data-element_type=\"section\" data-e-type=\"section\">\n\t\t\t\t\t\t<div class=\"elementor-container elementor-column-gap-default\">\n\t\t\t\t\t<div class=\"elementor-column elementor-col-100 elementor-top-column elementor-element elementor-element-cbdb855\" data-id=\"cbdb855\" data-element_type=\"column\" data-e-type=\"column\">\n\t\t\t<div class=\"elementor-widget-wrap elementor-element-populated\">\n\t\t\t\t\t\t<div class=\"elementor-element elementor-element-0bb255a elementor-widget elementor-widget-heading\" data-id=\"0bb255a\" data-element_type=\"widget\" data-e-type=\"widget\" data-widget_type=\"heading.default\">\n\t\t\t\t<div class=\"elementor-widget-container\">\n\t\t\t\t\t<h2 class=\"elementor-heading-title elementor-size-default\">Belegungsplan<\/h2>\t\t\t\t<\/div>\n\t\t\t\t<\/div>\n\t\t\t\t<div class=\"elementor-element elementor-element-25a58fc elementor-widget elementor-widget-text-editor\" data-id=\"25a58fc\" data-element_type=\"widget\" data-e-type=\"widget\" data-widget_type=\"text-editor.default\">\n\t\t\t\t<div class=\"elementor-widget-container\">\n\t\t\t\t\t\t\t\t\t<p>Hier finden Sie den aktuellen Belegungsplan des B\u00fcrgertreff.\u00a0<\/p><p><span style=\"font-size: inherit; text-align: inherit; background-color: var(--background-color); color: var(--color); font-family: var(--fontFamily); font-style: var(--fontStyle, inherit); font-weight: var(--fontWeight); letter-spacing: var(--letterSpacing); text-transform: var(--textTransform);\">Bei einem einfachen Klick auf die Termine wird Ihnen auch angezeigt, ab wann das B\u00fcrgertreff wieder verf\u00fcgbar ist.\u00a0<\/span><\/p>\t\t\t\t\t\t\t\t<\/div>\n\t\t\t\t<\/div>\n\t\t\t\t<div class=\"elementor-element elementor-element-b23d8d3 elementor-widget-divider--view-line elementor-widget elementor-widget-divider\" data-id=\"b23d8d3\" data-element_type=\"widget\" data-e-type=\"widget\" data-widget_type=\"divider.default\">\n\t\t\t\t<div class=\"elementor-widget-container\">\n\t\t\t\t\t\t\t<div class=\"elementor-divider\">\n\t\t\t<span class=\"elementor-divider-separator\">\n\t\t\t\t\t\t<\/span>\n\t\t<\/div>\n\t\t\t\t\t\t<\/div>\n\t\t\t\t<\/div>\n\t\t\t\t<div class=\"elementor-element elementor-element-0c6b433 elementor-widget elementor-widget-html\" data-id=\"0c6b433\" data-element_type=\"widget\" data-e-type=\"widget\" data-widget_type=\"html.default\">\n\t\t\t\t<div class=\"elementor-widget-container\">\n\t\t\t\t\t<iframe src=\"https:\/\/calendar.google.com\/calendar\/embed?height=600&amp;wkst=2&amp;bgcolor=%23ffffff&amp;ctz=Europe%2FBerlin&amp;src=Z25hM2s4YXQwaHAyZHRqcGM3ZmMxY3Fyb2tAZ3JvdXAuY2FsZW5kYXIuZ29vZ2xlLmNvbQ&amp;src=ZGUuZ2VybWFuI2hvbGlkYXlAZ3JvdXAudi5jYWxlbmRhci5nb29nbGUuY29t&amp;color=%233F51B5&amp;color=%23A79B8E&amp;showTz=0&amp;showCalendars=0&amp;showTabs=0&amp;showPrint=0\" style=\"border:solid 1px #777\" width=\"800\" height=\"600\" frameborder=\"0\" scrolling=\"no\">\n <\/iframe>\t\t\t\t<\/div>\n\t\t\t\t<\/div>\n\t\t\t\t<div class=\"elementor-element elementor-element-1407641 elementor-widget-divider--view-line elementor-widget elementor-widget-divider\" data-id=\"1407641\" data-element_type=\"widget\" data-e-type=\"widget\" data-widget_type=\"divider.default\">\n\t\t\t\t<div class=\"elementor-widget-container\">\n\t\t\t\t\t\t\t<div class=\"elementor-divider\">\n\t\t\t<span class=\"elementor-divider-separator\">\n\t\t\t\t\t\t<\/span>\n\t\t<\/div>\n\t\t\t\t\t\t<\/div>\n\t\t\t\t<\/div>\n\t\t\t\t\t<\/div>\n\t\t<\/div>\n\t\t\t\t\t<\/div>\n\t\t<\/section>\n\t\t\t\t<section class=\"elementor-section elementor-top-section elementor-element elementor-element-2b3e3b84 elementor-section-boxed elementor-section-height-default elementor-section-height-default\" data-id=\"2b3e3b84\" data-element_type=\"section\" data-e-type=\"section\">\n\t\t\t\t\t\t<div class=\"elementor-container elementor-column-gap-default\">\n\t\t\t\t\t<div class=\"elementor-column elementor-col-50 elementor-top-column elementor-element elementor-element-15b6bef5\" data-id=\"15b6bef5\" data-element_type=\"column\" data-e-type=\"column\">\n\t\t\t<div class=\"elementor-widget-wrap elementor-element-populated\">\n\t\t\t\t\t\t<div class=\"elementor-element elementor-element-d51cdc5 elementor-widget elementor-widget-heading\" data-id=\"d51cdc5\" data-element_type=\"widget\" data-e-type=\"widget\" data-widget_type=\"heading.default\">\n\t\t\t\t<div class=\"elementor-widget-container\">\n\t\t\t\t\t<h2 class=\"elementor-heading-title elementor-size-default\">Hier finden Sie uns <\/h2>\t\t\t\t<\/div>\n\t\t\t\t<\/div>\n\t\t\t\t<div class=\"elementor-element elementor-element-13c7318 elementor-widget elementor-widget-text-editor\" data-id=\"13c7318\" data-element_type=\"widget\" data-e-type=\"widget\" data-widget_type=\"text-editor.default\">\n\t\t\t\t<div class=\"elementor-widget-container\">\n\t\t\t\t\t\t\t\t\t<p><span style=\"color: rgb(61, 115, 58); font-family: -apple-system, &quot;system-ui&quot;, &quot;Segoe UI&quot;, Roboto, Helvetica, Arial, sans-serif, &quot;Apple Color Emoji&quot;, &quot;Segoe UI Emoji&quot;, &quot;Segoe UI Symbol&quot;; font-size: 16px;\">B\u00fcrgertreff Schildgen<\/span><br style=\"color: rgb(61, 115, 58); font-family: -apple-system, &quot;system-ui&quot;, &quot;Segoe UI&quot;, Roboto, Helvetica, Arial, sans-serif, &quot;Apple Color Emoji&quot;, &quot;Segoe UI Emoji&quot;, &quot;Segoe UI Symbol&quot;; font-size: 16px;\"><span style=\"color: rgb(61, 115, 58); font-family: -apple-system, &quot;system-ui&quot;, &quot;Segoe UI&quot;, Roboto, Helvetica, Arial, sans-serif, &quot;Apple Color Emoji&quot;, &quot;Segoe UI Emoji&quot;, &quot;Segoe UI Symbol&quot;; font-size: 16px;\">Am Schild 31<\/span><br style=\"color: rgb(61, 115, 58); font-family: -apple-system, &quot;system-ui&quot;, &quot;Segoe UI&quot;, Roboto, Helvetica, Arial, sans-serif, &quot;Apple Color Emoji&quot;, &quot;Segoe UI Emoji&quot;, &quot;Segoe UI Symbol&quot;; font-size: 16px;\"><span style=\"color: rgb(61, 115, 58); font-family: -apple-system, &quot;system-ui&quot;, &quot;Segoe UI&quot;, Roboto, Helvetica, Arial, sans-serif, &quot;Apple Color Emoji&quot;, &quot;Segoe UI Emoji&quot;, &quot;Segoe UI Symbol&quot;; font-size: 16px;\">51467 Bergisch Gladbach<\/span><br><\/p>\t\t\t\t\t\t\t\t<\/div>\n\t\t\t\t<\/div>\n\t\t\t\t\t<\/div>\n\t\t<\/div>\n\t\t\t\t<div class=\"elementor-column elementor-col-25 elementor-top-column elementor-element elementor-element-5fd1f646\" data-id=\"5fd1f646\" data-element_type=\"column\" data-e-type=\"column\">\n\t\t\t<div class=\"elementor-widget-wrap elementor-element-populated\">\n\t\t\t\t\t\t<div class=\"elementor-element elementor-element-1eef12e3 elementor-widget elementor-widget-heading\" data-id=\"1eef12e3\" data-element_type=\"widget\" data-e-type=\"widget\" data-widget_type=\"heading.default\">\n\t\t\t\t<div class=\"elementor-widget-container\">\n\t\t\t\t\t<h2 class=\"elementor-heading-title elementor-size-default\">Inhalt<\/h2>\t\t\t\t<\/div>\n\t\t\t\t<\/div>\n\t\t\t\t<div class=\"elementor-element elementor-element-6fdacffc elementor-widget elementor-widget-text-editor\" data-id=\"6fdacffc\" data-element_type=\"widget\" data-e-type=\"widget\" data-widget_type=\"text-editor.default\">\n\t\t\t\t<div class=\"elementor-widget-container\">\n\t\t\t\t\t\t\t\t\t<p><a href=\"https:\/\/b\u00fcrgertreff-schildgen.de\/\">Home<\/a><br \/><a href=\"https:\/\/b\u00fcrgertreff-schildgen.de\/?page_id=194\">Feiern<\/a><br \/><a href=\"https:\/\/b\u00fcrgertreff-schildgen.de\/?page_id=180\">Tagungen \/ Versammlungen<\/a><br \/><a href=\"https:\/\/b\u00fcrgertreff-schildgen.de\/?page_id=189\">Sport<\/a><br \/><a href=\"https:\/\/b\u00fcrgertreff-schildgen.de\/?page_id=97\">Belegungsplan<\/a><br \/><a href=\"https:\/\/b\u00fcrgertreff-schildgen.de\/?page_id=125\">Kontakt<\/a><br \/><span style=\"font-size: inherit; text-align: inherit; background-color: var(--background-color); color: var(--color); font-family: var(--fontFamily); font-style: var(--fontStyle, inherit); font-weight: var(--fontWeight); letter-spacing: var(--letterSpacing); text-transform: var(--textTransform);\"><a href=\"https:\/\/b\u00fcrgertreff-schildgen.de\/?page_id=142\">Anfahrt\u00a0<\/a><br \/><\/span><\/p>\t\t\t\t\t\t\t\t<\/div>\n\t\t\t\t<\/div>\n\t\t\t\t\t<\/div>\n\t\t<\/div>\n\t\t\t\t<div class=\"elementor-column elementor-col-25 elementor-top-column elementor-element elementor-element-19b16ece\" data-id=\"19b16ece\" data-element_type=\"column\" data-e-type=\"column\">\n\t\t\t<div class=\"elementor-widget-wrap elementor-element-populated\">\n\t\t\t\t\t\t<div class=\"elementor-element elementor-element-6f1343d5 elementor-widget elementor-widget-heading\" data-id=\"6f1343d5\" data-element_type=\"widget\" data-e-type=\"widget\" data-widget_type=\"heading.default\">\n\t\t\t\t<div class=\"elementor-widget-container\">\n\t\t\t\t\t<h2 class=\"elementor-heading-title elementor-size-default\">Rechtliches <\/h2>\t\t\t\t<\/div>\n\t\t\t\t<\/div>\n\t\t\t\t<div class=\"elementor-element elementor-element-8823413 elementor-widget elementor-widget-text-editor\" data-id=\"8823413\" data-element_type=\"widget\" data-e-type=\"widget\" data-widget_type=\"text-editor.default\">\n\t\t\t\t<div class=\"elementor-widget-container\">\n\t\t\t\t\t\t\t\t\t<p><a href=\"https:\/\/b\u00fcrgertreff-schildgen.de\/?page_id=233\">Impressum<\/a><br \/><a href=\"https:\/\/b\u00fcrgertreff-schildgen.de\/?page_id=233\">Datenschutz<\/a><br \/><a href=\"https:\/\/xn--brgertreff-schildgen-pec.de\/?page_id=882\">Barrierefreiheit<\/a><\/p>\t\t\t\t\t\t\t\t<\/div>\n\t\t\t\t<\/div>\n\t\t\t\t<div class=\"elementor-element elementor-element-93aabc7 elementor-widget elementor-widget-heading\" data-id=\"93aabc7\" data-element_type=\"widget\" data-e-type=\"widget\" data-widget_type=\"heading.default\">\n\t\t\t\t<div class=\"elementor-widget-container\">\n\t\t\t\t\t<h2 class=\"elementor-heading-title elementor-size-default\">Anlagen<\/h2>\t\t\t\t<\/div>\n\t\t\t\t<\/div>\n\t\t\t\t<div class=\"elementor-element elementor-element-8ab6eb3 elementor-widget elementor-widget-text-editor\" data-id=\"8ab6eb3\" data-element_type=\"widget\" data-e-type=\"widget\" data-widget_type=\"text-editor.default\">\n\t\t\t\t<div class=\"elementor-widget-container\">\n\t\t\t\t\t\t\t\t\t<p><a href=\"https:\/\/b\u00fcrgertreff-schildgen.de\/wp-content\/uploads\/2021\/08\/Benutzerordnung-Buergertreff-2021-08-03.pdf\">Benutzerordnung <\/a><br \/><a href=\"https:\/\/b\u00fcrgertreff-schildgen.de\/wp-content\/uploads\/2024\/11\/Entgeltordnung-Buergertreff-2025-01-01.pdf\">Entgeltordnung<\/a><br \/><a href=\"https:\/\/b\u00fcrgertreff-schildgen.de\/wp-content\/uploads\/2021\/08\/Massplan-BT-1.pdf\">Ma\u00dfplan<\/a><\/p>\t\t\t\t\t\t\t\t<\/div>\n\t\t\t\t<\/div>\n\t\t\t\t\t<\/div>\n\t\t<\/div>\n\t\t\t\t\t<\/div>\n\t\t<\/section>\n\t\t\t\t<\/div>\n\t\t","protected":false},"excerpt":{"rendered":"<p>Belegungsplan Hier finden Sie den aktuellen Belegungsplan des B\u00fcrgertreff.\u00a0 Bei einem einfachen Klick auf die Termine wird Ihnen auch angezeigt, ab wann das B\u00fcrgertreff wieder verf\u00fcgbar ist.\u00a0 Hier finden Sie uns B\u00fcrgertreff SchildgenAm Schild 3151467 Bergisch Gladbach Inhalt HomeFeiernTagungen \/ VersammlungenSportBelegungsplanKontaktAnfahrt\u00a0 Rechtliches ImpressumDatenschutzBarrierefreiheit Anlagen Benutzerordnung EntgeltordnungMa\u00dfplan<\/p>\n","protected":false},"author":1,"featured_media":0,"parent":0,"menu_order":0,"comment_status":"closed","ping_status":"closed","template":"","meta":{"footnotes":""},"class_list":["post-97","page","type-page","status-publish","hentry"],"blocksy_meta":{"styles_descriptor":{"styles":{"desktop":"","tablet":"","mobile":""},"google_fonts":[],"version":6}},"yoast_head":"<!-- This site is optimized with the Yoast SEO plugin v27.3 - https:\/\/yoast.com\/product\/yoast-seo-wordpress\/ -->\n<title>Belegungsplan - B\u00fcrgertreff Schildgen<\/title>\n<meta name=\"description\" content=\"Hier finden Sie den aktuellen Belegungsplan des B\u00fcrgertreff. Bei einem einfachen Klick auf die Termine wird Ihnen auch angezeigt, ab wann das B\u00fcrgertreff wieder verf\u00fcgbar ist.\" \/>\n<meta name=\"robots\" content=\"index, follow, max-snippet:-1, max-image-preview:large, max-video-preview:-1\" \/>\n<link rel=\"canonical\" href=\"https:\/\/b\u00fcrgertreff-schildgen.de\/?page_id=97\" \/>\n<meta property=\"og:locale\" content=\"de_DE\" \/>\n<meta property=\"og:type\" content=\"article\" \/>\n<meta property=\"og:title\" content=\"Belegungsplan - B\u00fcrgertreff Schildgen\" \/>\n<meta property=\"og:description\" content=\"Hier finden Sie den aktuellen Belegungsplan des B\u00fcrgertreff. Bei einem einfachen Klick auf die Termine wird Ihnen auch angezeigt, ab wann das B\u00fcrgertreff wieder verf\u00fcgbar ist.\" \/>\n<meta property=\"og:url\" content=\"https:\/\/b\u00fcrgertreff-schildgen.de\/?page_id=97\" \/>\n<meta property=\"og:site_name\" content=\"B\u00fcrgertreff Schildgen\" \/>\n<meta property=\"article:modified_time\" content=\"2025-12-31T10:17:09+00:00\" \/>\n<meta name=\"twitter:card\" content=\"summary_large_image\" \/>\n<meta name=\"twitter:label1\" content=\"Gesch\u00e4tzte Lesezeit\" \/>\n\t<meta name=\"twitter:data1\" content=\"1\u00a0Minute\" \/>\n<script type=\"application\/ld+json\" class=\"yoast-schema-graph\">{\"@context\":\"https:\\\/\\\/schema.org\",\"@graph\":[{\"@type\":\"WebPage\",\"@id\":\"https:\\\/\\\/b\u00fcrgertreff-schildgen.de\\\/?page_id=97\",\"url\":\"https:\\\/\\\/b\u00fcrgertreff-schildgen.de\\\/?page_id=97\",\"name\":\"Belegungsplan - B\u00fcrgertreff Schildgen\",\"isPartOf\":{\"@id\":\"https:\\\/\\\/b\u00fcrgertreff-schildgen.de\\\/#website\"},\"datePublished\":\"2021-03-16T20:14:28+00:00\",\"dateModified\":\"2025-12-31T10:17:09+00:00\",\"description\":\"Hier finden Sie den aktuellen Belegungsplan des B\u00fcrgertreff. Bei einem einfachen Klick auf die Termine wird Ihnen auch angezeigt, ab wann das B\u00fcrgertreff wieder verf\u00fcgbar ist.\",\"breadcrumb\":{\"@id\":\"https:\\\/\\\/b\u00fcrgertreff-schildgen.de\\\/?page_id=97#breadcrumb\"},\"inLanguage\":\"de\",\"potentialAction\":[{\"@type\":\"ReadAction\",\"target\":[\"https:\\\/\\\/b\u00fcrgertreff-schildgen.de\\\/?page_id=97\"]}]},{\"@type\":\"BreadcrumbList\",\"@id\":\"https:\\\/\\\/b\u00fcrgertreff-schildgen.de\\\/?page_id=97#breadcrumb\",\"itemListElement\":[{\"@type\":\"ListItem\",\"position\":1,\"name\":\"Startseite\",\"item\":\"https:\\\/\\\/b\u00fcrgertreff-schildgen.de\\\/\"},{\"@type\":\"ListItem\",\"position\":2,\"name\":\"Belegungsplan\"}]},{\"@type\":\"WebSite\",\"@id\":\"https:\\\/\\\/b\u00fcrgertreff-schildgen.de\\\/#website\",\"url\":\"https:\\\/\\\/b\u00fcrgertreff-schildgen.de\\\/\",\"name\":\"B\u00fcrgertreff Schildgen\",\"description\":\"Homepage des B\u00fcrgertreffs Schildgen. Der Treffpunkt im Herzen von Schildgen\",\"publisher\":{\"@id\":\"https:\\\/\\\/b\u00fcrgertreff-schildgen.de\\\/#organization\"},\"potentialAction\":[{\"@type\":\"SearchAction\",\"target\":{\"@type\":\"EntryPoint\",\"urlTemplate\":\"https:\\\/\\\/b\u00fcrgertreff-schildgen.de\\\/?s={search_term_string}\"},\"query-input\":{\"@type\":\"PropertyValueSpecification\",\"valueRequired\":true,\"valueName\":\"search_term_string\"}}],\"inLanguage\":\"de\"},{\"@type\":\"Organization\",\"@id\":\"https:\\\/\\\/b\u00fcrgertreff-schildgen.de\\\/#organization\",\"name\":\"B\u00fcrgertreff Schildgen\",\"url\":\"https:\\\/\\\/b\u00fcrgertreff-schildgen.de\\\/\",\"logo\":{\"@type\":\"ImageObject\",\"inLanguage\":\"de\",\"@id\":\"https:\\\/\\\/b\u00fcrgertreff-schildgen.de\\\/#\\\/schema\\\/logo\\\/image\\\/\",\"url\":\"https:\\\/\\\/b\u00fcrgertreff-schildgen.de\\\/wp-content\\\/uploads\\\/2021\\\/04\\\/Schild_Schuetzen_Buerger-1.png\",\"contentUrl\":\"https:\\\/\\\/b\u00fcrgertreff-schildgen.de\\\/wp-content\\\/uploads\\\/2021\\\/04\\\/Schild_Schuetzen_Buerger-1.png\",\"width\":11811,\"height\":3937,\"caption\":\"B\u00fcrgertreff Schildgen\"},\"image\":{\"@id\":\"https:\\\/\\\/b\u00fcrgertreff-schildgen.de\\\/#\\\/schema\\\/logo\\\/image\\\/\"}}]}<\/script>\n<!-- \/ Yoast SEO plugin. -->","yoast_head_json":{"title":"Belegungsplan - B\u00fcrgertreff Schildgen","description":"Hier finden Sie den aktuellen Belegungsplan des B\u00fcrgertreff. Bei einem einfachen Klick auf die Termine wird Ihnen auch angezeigt, ab wann das B\u00fcrgertreff wieder verf\u00fcgbar ist.","robots":{"index":"index","follow":"follow","max-snippet":"max-snippet:-1","max-image-preview":"max-image-preview:large","max-video-preview":"max-video-preview:-1"},"canonical":"https:\/\/b\u00fcrgertreff-schildgen.de\/?page_id=97","og_locale":"de_DE","og_type":"article","og_title":"Belegungsplan - B\u00fcrgertreff Schildgen","og_description":"Hier finden Sie den aktuellen Belegungsplan des B\u00fcrgertreff. Bei einem einfachen Klick auf die Termine wird Ihnen auch angezeigt, ab wann das B\u00fcrgertreff wieder verf\u00fcgbar ist.","og_url":"https:\/\/b\u00fcrgertreff-schildgen.de\/?page_id=97","og_site_name":"B\u00fcrgertreff Schildgen","article_modified_time":"2025-12-31T10:17:09+00:00","twitter_card":"summary_large_image","twitter_misc":{"Gesch\u00e4tzte Lesezeit":"1\u00a0Minute"},"schema":{"@context":"https:\/\/schema.org","@graph":[{"@type":"WebPage","@id":"https:\/\/b\u00fcrgertreff-schildgen.de\/?page_id=97","url":"https:\/\/b\u00fcrgertreff-schildgen.de\/?page_id=97","name":"Belegungsplan - B\u00fcrgertreff Schildgen","isPartOf":{"@id":"https:\/\/b\u00fcrgertreff-schildgen.de\/#website"},"datePublished":"2021-03-16T20:14:28+00:00","dateModified":"2025-12-31T10:17:09+00:00","description":"Hier finden Sie den aktuellen Belegungsplan des B\u00fcrgertreff. Bei einem einfachen Klick auf die Termine wird Ihnen auch angezeigt, ab wann das B\u00fcrgertreff wieder verf\u00fcgbar ist.","breadcrumb":{"@id":"https:\/\/b\u00fcrgertreff-schildgen.de\/?page_id=97#breadcrumb"},"inLanguage":"de","potentialAction":[{"@type":"ReadAction","target":["https:\/\/b\u00fcrgertreff-schildgen.de\/?page_id=97"]}]},{"@type":"BreadcrumbList","@id":"https:\/\/b\u00fcrgertreff-schildgen.de\/?page_id=97#breadcrumb","itemListElement":[{"@type":"ListItem","position":1,"name":"Startseite","item":"https:\/\/b\u00fcrgertreff-schildgen.de\/"},{"@type":"ListItem","position":2,"name":"Belegungsplan"}]},{"@type":"WebSite","@id":"https:\/\/b\u00fcrgertreff-schildgen.de\/#website","url":"https:\/\/b\u00fcrgertreff-schildgen.de\/","name":"B\u00fcrgertreff Schildgen","description":"Homepage des B\u00fcrgertreffs Schildgen. Der Treffpunkt im Herzen von Schildgen","publisher":{"@id":"https:\/\/b\u00fcrgertreff-schildgen.de\/#organization"},"potentialAction":[{"@type":"SearchAction","target":{"@type":"EntryPoint","urlTemplate":"https:\/\/b\u00fcrgertreff-schildgen.de\/?s={search_term_string}"},"query-input":{"@type":"PropertyValueSpecification","valueRequired":true,"valueName":"search_term_string"}}],"inLanguage":"de"},{"@type":"Organization","@id":"https:\/\/b\u00fcrgertreff-schildgen.de\/#organization","name":"B\u00fcrgertreff Schildgen","url":"https:\/\/b\u00fcrgertreff-schildgen.de\/","logo":{"@type":"ImageObject","inLanguage":"de","@id":"https:\/\/b\u00fcrgertreff-schildgen.de\/#\/schema\/logo\/image\/","url":"https:\/\/b\u00fcrgertreff-schildgen.de\/wp-content\/uploads\/2021\/04\/Schild_Schuetzen_Buerger-1.png","contentUrl":"https:\/\/b\u00fcrgertreff-schildgen.de\/wp-content\/uploads\/2021\/04\/Schild_Schuetzen_Buerger-1.png","width":11811,"height":3937,"caption":"B\u00fcrgertreff Schildgen"},"image":{"@id":"https:\/\/b\u00fcrgertreff-schildgen.de\/#\/schema\/logo\/image\/"}}]}},"_links":{"self":[{"href":"https:\/\/b\u00fcrgertreff-schildgen.de\/index.php?rest_route=\/wp\/v2\/pages\/97","targetHints":{"allow":["GET"]}}],"collection":[{"href":"https:\/\/b\u00fcrgertreff-schildgen.de\/index.php?rest_route=\/wp\/v2\/pages"}],"about":[{"href":"https:\/\/b\u00fcrgertreff-schildgen.de\/index.php?rest_route=\/wp\/v2\/types\/page"}],"author":[{"embeddable":true,"href":"https:\/\/b\u00fcrgertreff-schildgen.de\/index.php?rest_route=\/wp\/v2\/users\/1"}],"replies":[{"embeddable":true,"href":"https:\/\/b\u00fcrgertreff-schildgen.de\/index.php?rest_route=%2Fwp%2Fv2%2Fcomments&post=97"}],"version-history":[{"count":49,"href":"https:\/\/b\u00fcrgertreff-schildgen.de\/index.php?rest_route=\/wp\/v2\/pages\/97\/revisions"}],"predecessor-version":[{"id":929,"href":"https:\/\/b\u00fcrgertreff-schildgen.de\/index.php?rest_route=\/wp\/v2\/pages\/97\/revisions\/929"}],"wp:attachment":[{"href":"https:\/\/b\u00fcrgertreff-schildgen.de\/index.php?rest_route=%2Fwp%2Fv2%2Fmedia&parent=97"}],"curies":[{"name":"wp","href":"https:\/\/api.w.org\/{rel}","templated":true}]}}