{"id":497,"date":"2021-10-20T05:23:13","date_gmt":"2021-10-20T05:23:13","guid":{"rendered":"https:\/\/b\u00fcrgertreff-schildgen.de\/?page_id=497"},"modified":"2025-12-31T10:17:56","modified_gmt":"2025-12-31T10:17:56","slug":"preise","status":"publish","type":"page","link":"https:\/\/b\u00fcrgertreff-schildgen.de\/?page_id=497","title":{"rendered":"Preise"},"content":{"rendered":"\t\t<div data-elementor-type=\"wp-page\" data-elementor-id=\"497\" class=\"elementor elementor-497\">\n\t\t\t\t\t\t<section class=\"elementor-section elementor-top-section elementor-element elementor-element-c13dee3 elementor-section-boxed elementor-section-height-default elementor-section-height-default\" data-id=\"c13dee3\" data-element_type=\"section\" data-e-type=\"section\">\n\t\t\t\t\t\t<div class=\"elementor-container elementor-column-gap-default\">\n\t\t\t\t\t<div class=\"elementor-column elementor-col-100 elementor-top-column elementor-element elementor-element-71520a3\" data-id=\"71520a3\" data-element_type=\"column\" data-e-type=\"column\">\n\t\t\t<div class=\"elementor-widget-wrap elementor-element-populated\">\n\t\t\t\t\t\t<div class=\"elementor-element elementor-element-2a97e73 elementor-widget elementor-widget-image\" data-id=\"2a97e73\" data-element_type=\"widget\" data-e-type=\"widget\" data-widget_type=\"image.default\">\n\t\t\t\t<div class=\"elementor-widget-container\">\n\t\t\t\t\t\t\t\t\t\t\t\t\t\t\t<img fetchpriority=\"high\" decoding=\"async\" width=\"1024\" height=\"683\" src=\"https:\/\/b\u00fcrgertreff-schildgen.de\/wp-content\/uploads\/2021\/03\/Bu\u0308rgertreff-35-1024x683.jpg\" class=\"attachment-large size-large wp-image-30\" alt=\"Das Bild zeigt den Eingangsbereich des B\u00fcrgertreffs von Au\u00dfen\" srcset=\"https:\/\/b\u00fcrgertreff-schildgen.de\/wp-content\/uploads\/2021\/03\/Bu\u0308rgertreff-35-1024x683.jpg 1024w, https:\/\/b\u00fcrgertreff-schildgen.de\/wp-content\/uploads\/2021\/03\/Bu\u0308rgertreff-35-300x200.jpg 300w, https:\/\/b\u00fcrgertreff-schildgen.de\/wp-content\/uploads\/2021\/03\/Bu\u0308rgertreff-35-768x512.jpg 768w, https:\/\/b\u00fcrgertreff-schildgen.de\/wp-content\/uploads\/2021\/03\/Bu\u0308rgertreff-35-1536x1024.jpg 1536w, https:\/\/b\u00fcrgertreff-schildgen.de\/wp-content\/uploads\/2021\/03\/Bu\u0308rgertreff-35-2048x1365.jpg 2048w\" sizes=\"(max-width: 1024px) 100vw, 1024px\" \/>\t\t\t\t\t\t\t\t\t\t\t\t\t\t\t<\/div>\n\t\t\t\t<\/div>\n\t\t\t\t\t<\/div>\n\t\t<\/div>\n\t\t\t\t\t<\/div>\n\t\t<\/section>\n\t\t\t\t<section class=\"elementor-section elementor-top-section elementor-element elementor-element-140dc81 elementor-section-boxed elementor-section-height-default elementor-section-height-default\" data-id=\"140dc81\" data-element_type=\"section\" data-e-type=\"section\">\n\t\t\t\t\t\t<div class=\"elementor-container elementor-column-gap-default\">\n\t\t\t\t\t<div class=\"elementor-column elementor-col-100 elementor-top-column elementor-element elementor-element-469933a\" data-id=\"469933a\" data-element_type=\"column\" data-e-type=\"column\">\n\t\t\t<div class=\"elementor-widget-wrap elementor-element-populated\">\n\t\t\t\t\t\t<div class=\"elementor-element elementor-element-5310740 elementor-widget elementor-widget-heading\" data-id=\"5310740\" data-element_type=\"widget\" data-e-type=\"widget\" data-widget_type=\"heading.default\">\n\t\t\t\t<div class=\"elementor-widget-container\">\n\t\t\t\t\t<h2 class=\"elementor-heading-title elementor-size-default\">Preise &amp; Benutzerordnung<\/h2>\t\t\t\t<\/div>\n\t\t\t\t<\/div>\n\t\t\t\t<div class=\"elementor-element elementor-element-1c774d6 elementor-widget elementor-widget-spacer\" data-id=\"1c774d6\" data-element_type=\"widget\" data-e-type=\"widget\" data-widget_type=\"spacer.default\">\n\t\t\t\t<div class=\"elementor-widget-container\">\n\t\t\t\t\t\t\t<div class=\"elementor-spacer\">\n\t\t\t<div class=\"elementor-spacer-inner\"><\/div>\n\t\t<\/div>\n\t\t\t\t\t\t<\/div>\n\t\t\t\t<\/div>\n\t\t\t\t\t<\/div>\n\t\t<\/div>\n\t\t\t\t\t<\/div>\n\t\t<\/section>\n\t\t\t\t<section class=\"elementor-section elementor-top-section elementor-element elementor-element-4e09aeb elementor-section-boxed elementor-section-height-default elementor-section-height-default\" data-id=\"4e09aeb\" data-element_type=\"section\" data-e-type=\"section\">\n\t\t\t\t\t\t<div class=\"elementor-container elementor-column-gap-default\">\n\t\t\t\t\t<div class=\"elementor-column elementor-col-100 elementor-top-column elementor-element elementor-element-1a332e0\" data-id=\"1a332e0\" data-element_type=\"column\" data-e-type=\"column\">\n\t\t\t<div class=\"elementor-widget-wrap elementor-element-populated\">\n\t\t\t\t\t\t<div class=\"elementor-element elementor-element-402dfe2 elementor-widget elementor-widget-text-editor\" data-id=\"402dfe2\" data-element_type=\"widget\" data-e-type=\"widget\" data-widget_type=\"text-editor.default\">\n\t\t\t\t<div class=\"elementor-widget-container\">\n\t\t\t\t\t\t\t\t\t<p>Unter den folgenden Links finden Sie unsere Preise, sowie die Benutzerordnung:<\/p>\t\t\t\t\t\t\t\t<\/div>\n\t\t\t\t<\/div>\n\t\t\t\t\t<\/div>\n\t\t<\/div>\n\t\t\t\t\t<\/div>\n\t\t<\/section>\n\t\t\t\t<section class=\"elementor-section elementor-top-section elementor-element elementor-element-5207a21 elementor-section-boxed elementor-section-height-default elementor-section-height-default\" data-id=\"5207a21\" data-element_type=\"section\" data-e-type=\"section\">\n\t\t\t\t\t\t<div class=\"elementor-container elementor-column-gap-default\">\n\t\t\t\t\t<div class=\"elementor-column elementor-col-50 elementor-top-column elementor-element elementor-element-48d124b\" data-id=\"48d124b\" data-element_type=\"column\" data-e-type=\"column\">\n\t\t\t<div class=\"elementor-widget-wrap elementor-element-populated\">\n\t\t\t\t\t\t<div class=\"elementor-element elementor-element-fbc2eb9 elementor-align-center elementor-widget elementor-widget-button\" data-id=\"fbc2eb9\" data-element_type=\"widget\" data-e-type=\"widget\" data-widget_type=\"button.default\">\n\t\t\t\t<div class=\"elementor-widget-container\">\n\t\t\t\t\t\t\t\t\t<div class=\"elementor-button-wrapper\">\n\t\t\t\t\t<a class=\"elementor-button elementor-button-link elementor-size-sm\" href=\"https:\/\/b\u00fcrgertreff-schildgen.de\/wp-content\/uploads\/2024\/11\/Entgeltordnung-Buergertreff-2025-01-01.pdf\" target=\"_blank\">\n\t\t\t\t\t\t<span class=\"elementor-button-content-wrapper\">\n\t\t\t\t\t\t\t\t\t<span class=\"elementor-button-text\">Entgeld\u00fcbersicht<\/span>\n\t\t\t\t\t<\/span>\n\t\t\t\t\t<\/a>\n\t\t\t\t<\/div>\n\t\t\t\t\t\t\t\t<\/div>\n\t\t\t\t<\/div>\n\t\t\t\t\t<\/div>\n\t\t<\/div>\n\t\t\t\t<div class=\"elementor-column elementor-col-50 elementor-top-column elementor-element elementor-element-7bd2b6c\" data-id=\"7bd2b6c\" data-element_type=\"column\" data-e-type=\"column\">\n\t\t\t<div class=\"elementor-widget-wrap elementor-element-populated\">\n\t\t\t\t\t\t<div class=\"elementor-element elementor-element-96dc442 elementor-align-center elementor-widget elementor-widget-button\" data-id=\"96dc442\" data-element_type=\"widget\" data-e-type=\"widget\" data-widget_type=\"button.default\">\n\t\t\t\t<div class=\"elementor-widget-container\">\n\t\t\t\t\t\t\t\t\t<div class=\"elementor-button-wrapper\">\n\t\t\t\t\t<a class=\"elementor-button elementor-button-link elementor-size-sm\" href=\"https:\/\/b\u00fcrgertreff-schildgen.de\/wp-content\/uploads\/2021\/08\/Benutzerordnung-Buergertreff-2021-08-03.pdf\" target=\"_blank\">\n\t\t\t\t\t\t<span class=\"elementor-button-content-wrapper\">\n\t\t\t\t\t\t\t\t\t<span class=\"elementor-button-text\">Benutzerordnung<\/span>\n\t\t\t\t\t<\/span>\n\t\t\t\t\t<\/a>\n\t\t\t\t<\/div>\n\t\t\t\t\t\t\t\t<\/div>\n\t\t\t\t<\/div>\n\t\t\t\t\t<\/div>\n\t\t<\/div>\n\t\t\t\t\t<\/div>\n\t\t<\/section>\n\t\t\t\t<section class=\"elementor-section elementor-top-section elementor-element elementor-element-c206914 elementor-section-boxed elementor-section-height-default elementor-section-height-default\" data-id=\"c206914\" data-element_type=\"section\" data-e-type=\"section\">\n\t\t\t\t\t\t<div class=\"elementor-container elementor-column-gap-default\">\n\t\t\t\t\t<div class=\"elementor-column elementor-col-100 elementor-top-column elementor-element elementor-element-03ec060\" data-id=\"03ec060\" data-element_type=\"column\" data-e-type=\"column\">\n\t\t\t<div class=\"elementor-widget-wrap elementor-element-populated\">\n\t\t\t\t\t\t<div class=\"elementor-element elementor-element-616e4d4 elementor-widget-divider--view-line elementor-widget elementor-widget-divider\" data-id=\"616e4d4\" data-element_type=\"widget\" data-e-type=\"widget\" data-widget_type=\"divider.default\">\n\t\t\t\t<div class=\"elementor-widget-container\">\n\t\t\t\t\t\t\t<div class=\"elementor-divider\">\n\t\t\t<span class=\"elementor-divider-separator\">\n\t\t\t\t\t\t<\/span>\n\t\t<\/div>\n\t\t\t\t\t\t<\/div>\n\t\t\t\t<\/div>\n\t\t\t\t\t<\/div>\n\t\t<\/div>\n\t\t\t\t\t<\/div>\n\t\t<\/section>\n\t\t\t\t<section class=\"elementor-section elementor-top-section elementor-element elementor-element-629cc602 elementor-section-boxed elementor-section-height-default elementor-section-height-default\" data-id=\"629cc602\" data-element_type=\"section\" data-e-type=\"section\">\n\t\t\t\t\t\t<div class=\"elementor-container elementor-column-gap-default\">\n\t\t\t\t\t<div class=\"elementor-column elementor-col-50 elementor-top-column elementor-element elementor-element-7c79a571\" data-id=\"7c79a571\" data-element_type=\"column\" data-e-type=\"column\">\n\t\t\t<div class=\"elementor-widget-wrap elementor-element-populated\">\n\t\t\t\t\t\t<div class=\"elementor-element elementor-element-37773bc9 elementor-widget elementor-widget-heading\" data-id=\"37773bc9\" data-element_type=\"widget\" data-e-type=\"widget\" data-widget_type=\"heading.default\">\n\t\t\t\t<div class=\"elementor-widget-container\">\n\t\t\t\t\t<h2 class=\"elementor-heading-title elementor-size-default\">Hier finden Sie uns <\/h2>\t\t\t\t<\/div>\n\t\t\t\t<\/div>\n\t\t\t\t<div class=\"elementor-element elementor-element-fdf44a9 elementor-widget elementor-widget-text-editor\" data-id=\"fdf44a9\" data-element_type=\"widget\" data-e-type=\"widget\" data-widget_type=\"text-editor.default\">\n\t\t\t\t<div class=\"elementor-widget-container\">\n\t\t\t\t\t\t\t\t\t<p><span style=\"color: rgb(61, 115, 58); font-family: -apple-system, &quot;system-ui&quot;, &quot;Segoe UI&quot;, Roboto, Helvetica, Arial, sans-serif, &quot;Apple Color Emoji&quot;, &quot;Segoe UI Emoji&quot;, &quot;Segoe UI Symbol&quot;; font-size: 16px;\">B\u00fcrgertreff Schildgen<\/span><br style=\"color: rgb(61, 115, 58); font-family: -apple-system, &quot;system-ui&quot;, &quot;Segoe UI&quot;, Roboto, Helvetica, Arial, sans-serif, &quot;Apple Color Emoji&quot;, &quot;Segoe UI Emoji&quot;, &quot;Segoe UI Symbol&quot;; font-size: 16px;\"><span style=\"color: rgb(61, 115, 58); font-family: -apple-system, &quot;system-ui&quot;, &quot;Segoe UI&quot;, Roboto, Helvetica, Arial, sans-serif, &quot;Apple Color Emoji&quot;, &quot;Segoe UI Emoji&quot;, &quot;Segoe UI Symbol&quot;; font-size: 16px;\">Am Schild 31<\/span><br style=\"color: rgb(61, 115, 58); font-family: -apple-system, &quot;system-ui&quot;, &quot;Segoe UI&quot;, Roboto, Helvetica, Arial, sans-serif, &quot;Apple Color Emoji&quot;, &quot;Segoe UI Emoji&quot;, &quot;Segoe UI Symbol&quot;; font-size: 16px;\"><span style=\"color: rgb(61, 115, 58); font-family: -apple-system, &quot;system-ui&quot;, &quot;Segoe UI&quot;, Roboto, Helvetica, Arial, sans-serif, &quot;Apple Color Emoji&quot;, &quot;Segoe UI Emoji&quot;, &quot;Segoe UI Symbol&quot;; font-size: 16px;\">51467 Bergisch Gladbach<\/span><br><\/p>\t\t\t\t\t\t\t\t<\/div>\n\t\t\t\t<\/div>\n\t\t\t\t\t<\/div>\n\t\t<\/div>\n\t\t\t\t<div class=\"elementor-column elementor-col-25 elementor-top-column elementor-element elementor-element-6866d11\" data-id=\"6866d11\" data-element_type=\"column\" data-e-type=\"column\">\n\t\t\t<div class=\"elementor-widget-wrap elementor-element-populated\">\n\t\t\t\t\t\t<div class=\"elementor-element elementor-element-6f19c4d3 elementor-widget elementor-widget-heading\" data-id=\"6f19c4d3\" data-element_type=\"widget\" data-e-type=\"widget\" data-widget_type=\"heading.default\">\n\t\t\t\t<div class=\"elementor-widget-container\">\n\t\t\t\t\t<h2 class=\"elementor-heading-title elementor-size-default\">Inhalt<\/h2>\t\t\t\t<\/div>\n\t\t\t\t<\/div>\n\t\t\t\t<div class=\"elementor-element elementor-element-2368ba19 elementor-widget elementor-widget-text-editor\" data-id=\"2368ba19\" data-element_type=\"widget\" data-e-type=\"widget\" data-widget_type=\"text-editor.default\">\n\t\t\t\t<div class=\"elementor-widget-container\">\n\t\t\t\t\t\t\t\t\t<p><a href=\"https:\/\/b\u00fcrgertreff-schildgen.de\/\">Home<\/a><br \/><a href=\"https:\/\/b\u00fcrgertreff-schildgen.de\/?page_id=194\">Feiern<\/a><br \/><a href=\"https:\/\/b\u00fcrgertreff-schildgen.de\/?page_id=180\">Tagungen \/ Versammlungen<\/a><br \/><a href=\"https:\/\/b\u00fcrgertreff-schildgen.de\/?page_id=189\">Sport<\/a><br \/><a href=\"https:\/\/b\u00fcrgertreff-schildgen.de\/?page_id=97\">Belegungsplan<\/a><br \/><a href=\"https:\/\/b\u00fcrgertreff-schildgen.de\/?page_id=125\">Kontakt<\/a><br \/><span style=\"font-size: inherit; text-align: inherit; background-color: var(--background-color); color: var(--color); font-family: var(--fontFamily); font-style: var(--fontStyle, inherit); font-weight: var(--fontWeight); letter-spacing: var(--letterSpacing); text-transform: var(--textTransform);\"><a href=\"https:\/\/b\u00fcrgertreff-schildgen.de\/?page_id=142\">Anfahrt\u00a0<\/a><br \/><\/span><\/p>\t\t\t\t\t\t\t\t<\/div>\n\t\t\t\t<\/div>\n\t\t\t\t\t<\/div>\n\t\t<\/div>\n\t\t\t\t<div class=\"elementor-column elementor-col-25 elementor-top-column elementor-element elementor-element-2a60de4\" data-id=\"2a60de4\" data-element_type=\"column\" data-e-type=\"column\">\n\t\t\t<div class=\"elementor-widget-wrap elementor-element-populated\">\n\t\t\t\t\t\t<div class=\"elementor-element elementor-element-cbb7a9e elementor-widget elementor-widget-heading\" data-id=\"cbb7a9e\" data-element_type=\"widget\" data-e-type=\"widget\" data-widget_type=\"heading.default\">\n\t\t\t\t<div class=\"elementor-widget-container\">\n\t\t\t\t\t<h2 class=\"elementor-heading-title elementor-size-default\">Rechtliches <\/h2>\t\t\t\t<\/div>\n\t\t\t\t<\/div>\n\t\t\t\t<div class=\"elementor-element elementor-element-627d9c59 elementor-widget elementor-widget-text-editor\" data-id=\"627d9c59\" data-element_type=\"widget\" data-e-type=\"widget\" data-widget_type=\"text-editor.default\">\n\t\t\t\t<div class=\"elementor-widget-container\">\n\t\t\t\t\t\t\t\t\t<p><a href=\"https:\/\/b\u00fcrgertreff-schildgen.de\/?page_id=233\">Impressum<\/a><br \/><a href=\"https:\/\/b\u00fcrgertreff-schildgen.de\/?page_id=233\">Datenschutz<\/a><br \/><a href=\"https:\/\/xn--brgertreff-schildgen-pec.de\/?page_id=882\">Barrierefreiheit<\/a><\/p>\t\t\t\t\t\t\t\t<\/div>\n\t\t\t\t<\/div>\n\t\t\t\t<div class=\"elementor-element elementor-element-4f3021d6 elementor-widget elementor-widget-heading\" data-id=\"4f3021d6\" data-element_type=\"widget\" data-e-type=\"widget\" data-widget_type=\"heading.default\">\n\t\t\t\t<div class=\"elementor-widget-container\">\n\t\t\t\t\t<h2 class=\"elementor-heading-title elementor-size-default\">Anlagen<\/h2>\t\t\t\t<\/div>\n\t\t\t\t<\/div>\n\t\t\t\t<div class=\"elementor-element elementor-element-1665788e elementor-widget elementor-widget-text-editor\" data-id=\"1665788e\" data-element_type=\"widget\" data-e-type=\"widget\" data-widget_type=\"text-editor.default\">\n\t\t\t\t<div class=\"elementor-widget-container\">\n\t\t\t\t\t\t\t\t\t<p><a href=\"https:\/\/b\u00fcrgertreff-schildgen.de\/wp-content\/uploads\/2021\/08\/Benutzerordnung-Buergertreff-2021-08-03.pdf\">Benutzerordnung <\/a><br \/><a href=\"https:\/\/b\u00fcrgertreff-schildgen.de\/wp-content\/uploads\/2024\/11\/Entgeltordnung-Buergertreff-2025-01-01.pdf\">Entgeltordnung<\/a><br \/><a href=\"https:\/\/b\u00fcrgertreff-schildgen.de\/wp-content\/uploads\/2021\/08\/Massplan-BT-1.pdf\">Ma\u00dfplan<\/a><\/p>\t\t\t\t\t\t\t\t<\/div>\n\t\t\t\t<\/div>\n\t\t\t\t\t<\/div>\n\t\t<\/div>\n\t\t\t\t\t<\/div>\n\t\t<\/section>\n\t\t\t\t<\/div>\n\t\t","protected":false},"excerpt":{"rendered":"<p>Preise &amp; Benutzerordnung Unter den folgenden Links finden Sie unsere Preise, sowie die Benutzerordnung: Entgeld\u00fcbersicht Benutzerordnung Hier finden Sie uns B\u00fcrgertreff SchildgenAm Schild 3151467 Bergisch Gladbach Inhalt HomeFeiernTagungen \/ VersammlungenSportBelegungsplanKontaktAnfahrt\u00a0 Rechtliches ImpressumDatenschutzBarrierefreiheit Anlagen Benutzerordnung EntgeltordnungMa\u00dfplan<\/p>\n","protected":false},"author":1,"featured_media":0,"parent":0,"menu_order":0,"comment_status":"closed","ping_status":"closed","template":"","meta":{"footnotes":""},"class_list":["post-497","page","type-page","status-publish","hentry"],"blocksy_meta":{"styles_descriptor":{"styles":{"desktop":"","tablet":"","mobile":""},"google_fonts":[],"version":6}},"yoast_head":"<!-- This site is optimized with the Yoast SEO plugin v27.3 - https:\/\/yoast.com\/product\/yoast-seo-wordpress\/ -->\n<title>Preise - B\u00fcrgertreff Schildgen<\/title>\n<meta name=\"description\" content=\"Egal ob Feier, Versammlung, Tagung oder Sport. Das B\u00fcrgertreff Schildgen \u00fcberzeugt mit Flexibilit\u00e4t.\" \/>\n<meta name=\"robots\" content=\"index, follow, max-snippet:-1, max-image-preview:large, max-video-preview:-1\" \/>\n<link rel=\"canonical\" href=\"https:\/\/b\u00fcrgertreff-schildgen.de\/?page_id=497\" \/>\n<meta property=\"og:locale\" content=\"de_DE\" \/>\n<meta property=\"og:type\" content=\"article\" \/>\n<meta property=\"og:title\" content=\"Preise - B\u00fcrgertreff Schildgen\" \/>\n<meta property=\"og:description\" content=\"Egal ob Feier, Versammlung, Tagung oder Sport. Das B\u00fcrgertreff Schildgen \u00fcberzeugt mit Flexibilit\u00e4t.\" \/>\n<meta property=\"og:url\" content=\"https:\/\/b\u00fcrgertreff-schildgen.de\/?page_id=497\" \/>\n<meta property=\"og:site_name\" content=\"B\u00fcrgertreff Schildgen\" \/>\n<meta property=\"article:modified_time\" content=\"2025-12-31T10:17:56+00:00\" \/>\n<meta name=\"twitter:card\" content=\"summary_large_image\" \/>\n<meta name=\"twitter:label1\" content=\"Gesch\u00e4tzte Lesezeit\" \/>\n\t<meta name=\"twitter:data1\" content=\"1\u00a0Minute\" \/>\n<script type=\"application\/ld+json\" class=\"yoast-schema-graph\">{\"@context\":\"https:\\\/\\\/schema.org\",\"@graph\":[{\"@type\":\"WebPage\",\"@id\":\"https:\\\/\\\/b\u00fcrgertreff-schildgen.de\\\/?page_id=497\",\"url\":\"https:\\\/\\\/b\u00fcrgertreff-schildgen.de\\\/?page_id=497\",\"name\":\"Preise - B\u00fcrgertreff Schildgen\",\"isPartOf\":{\"@id\":\"https:\\\/\\\/b\u00fcrgertreff-schildgen.de\\\/#website\"},\"datePublished\":\"2021-10-20T05:23:13+00:00\",\"dateModified\":\"2025-12-31T10:17:56+00:00\",\"description\":\"Egal ob Feier, Versammlung, Tagung oder Sport. Das B\u00fcrgertreff Schildgen \u00fcberzeugt mit Flexibilit\u00e4t.\",\"breadcrumb\":{\"@id\":\"https:\\\/\\\/b\u00fcrgertreff-schildgen.de\\\/?page_id=497#breadcrumb\"},\"inLanguage\":\"de\",\"potentialAction\":[{\"@type\":\"ReadAction\",\"target\":[\"https:\\\/\\\/b\u00fcrgertreff-schildgen.de\\\/?page_id=497\"]}]},{\"@type\":\"BreadcrumbList\",\"@id\":\"https:\\\/\\\/b\u00fcrgertreff-schildgen.de\\\/?page_id=497#breadcrumb\",\"itemListElement\":[{\"@type\":\"ListItem\",\"position\":1,\"name\":\"Startseite\",\"item\":\"https:\\\/\\\/b\u00fcrgertreff-schildgen.de\\\/\"},{\"@type\":\"ListItem\",\"position\":2,\"name\":\"Preise\"}]},{\"@type\":\"WebSite\",\"@id\":\"https:\\\/\\\/b\u00fcrgertreff-schildgen.de\\\/#website\",\"url\":\"https:\\\/\\\/b\u00fcrgertreff-schildgen.de\\\/\",\"name\":\"B\u00fcrgertreff Schildgen\",\"description\":\"Homepage des B\u00fcrgertreffs Schildgen. Der Treffpunkt im Herzen von Schildgen\",\"publisher\":{\"@id\":\"https:\\\/\\\/b\u00fcrgertreff-schildgen.de\\\/#organization\"},\"potentialAction\":[{\"@type\":\"SearchAction\",\"target\":{\"@type\":\"EntryPoint\",\"urlTemplate\":\"https:\\\/\\\/b\u00fcrgertreff-schildgen.de\\\/?s={search_term_string}\"},\"query-input\":{\"@type\":\"PropertyValueSpecification\",\"valueRequired\":true,\"valueName\":\"search_term_string\"}}],\"inLanguage\":\"de\"},{\"@type\":\"Organization\",\"@id\":\"https:\\\/\\\/b\u00fcrgertreff-schildgen.de\\\/#organization\",\"name\":\"B\u00fcrgertreff Schildgen\",\"url\":\"https:\\\/\\\/b\u00fcrgertreff-schildgen.de\\\/\",\"logo\":{\"@type\":\"ImageObject\",\"inLanguage\":\"de\",\"@id\":\"https:\\\/\\\/b\u00fcrgertreff-schildgen.de\\\/#\\\/schema\\\/logo\\\/image\\\/\",\"url\":\"https:\\\/\\\/b\u00fcrgertreff-schildgen.de\\\/wp-content\\\/uploads\\\/2021\\\/04\\\/Schild_Schuetzen_Buerger-1.png\",\"contentUrl\":\"https:\\\/\\\/b\u00fcrgertreff-schildgen.de\\\/wp-content\\\/uploads\\\/2021\\\/04\\\/Schild_Schuetzen_Buerger-1.png\",\"width\":11811,\"height\":3937,\"caption\":\"B\u00fcrgertreff Schildgen\"},\"image\":{\"@id\":\"https:\\\/\\\/b\u00fcrgertreff-schildgen.de\\\/#\\\/schema\\\/logo\\\/image\\\/\"}}]}<\/script>\n<!-- \/ Yoast SEO plugin. -->","yoast_head_json":{"title":"Preise - B\u00fcrgertreff Schildgen","description":"Egal ob Feier, Versammlung, Tagung oder Sport. Das B\u00fcrgertreff Schildgen \u00fcberzeugt mit Flexibilit\u00e4t.","robots":{"index":"index","follow":"follow","max-snippet":"max-snippet:-1","max-image-preview":"max-image-preview:large","max-video-preview":"max-video-preview:-1"},"canonical":"https:\/\/b\u00fcrgertreff-schildgen.de\/?page_id=497","og_locale":"de_DE","og_type":"article","og_title":"Preise - B\u00fcrgertreff Schildgen","og_description":"Egal ob Feier, Versammlung, Tagung oder Sport. Das B\u00fcrgertreff Schildgen \u00fcberzeugt mit Flexibilit\u00e4t.","og_url":"https:\/\/b\u00fcrgertreff-schildgen.de\/?page_id=497","og_site_name":"B\u00fcrgertreff Schildgen","article_modified_time":"2025-12-31T10:17:56+00:00","twitter_card":"summary_large_image","twitter_misc":{"Gesch\u00e4tzte Lesezeit":"1\u00a0Minute"},"schema":{"@context":"https:\/\/schema.org","@graph":[{"@type":"WebPage","@id":"https:\/\/b\u00fcrgertreff-schildgen.de\/?page_id=497","url":"https:\/\/b\u00fcrgertreff-schildgen.de\/?page_id=497","name":"Preise - B\u00fcrgertreff Schildgen","isPartOf":{"@id":"https:\/\/b\u00fcrgertreff-schildgen.de\/#website"},"datePublished":"2021-10-20T05:23:13+00:00","dateModified":"2025-12-31T10:17:56+00:00","description":"Egal ob Feier, Versammlung, Tagung oder Sport. Das B\u00fcrgertreff Schildgen \u00fcberzeugt mit Flexibilit\u00e4t.","breadcrumb":{"@id":"https:\/\/b\u00fcrgertreff-schildgen.de\/?page_id=497#breadcrumb"},"inLanguage":"de","potentialAction":[{"@type":"ReadAction","target":["https:\/\/b\u00fcrgertreff-schildgen.de\/?page_id=497"]}]},{"@type":"BreadcrumbList","@id":"https:\/\/b\u00fcrgertreff-schildgen.de\/?page_id=497#breadcrumb","itemListElement":[{"@type":"ListItem","position":1,"name":"Startseite","item":"https:\/\/b\u00fcrgertreff-schildgen.de\/"},{"@type":"ListItem","position":2,"name":"Preise"}]},{"@type":"WebSite","@id":"https:\/\/b\u00fcrgertreff-schildgen.de\/#website","url":"https:\/\/b\u00fcrgertreff-schildgen.de\/","name":"B\u00fcrgertreff Schildgen","description":"Homepage des B\u00fcrgertreffs Schildgen. Der Treffpunkt im Herzen von Schildgen","publisher":{"@id":"https:\/\/b\u00fcrgertreff-schildgen.de\/#organization"},"potentialAction":[{"@type":"SearchAction","target":{"@type":"EntryPoint","urlTemplate":"https:\/\/b\u00fcrgertreff-schildgen.de\/?s={search_term_string}"},"query-input":{"@type":"PropertyValueSpecification","valueRequired":true,"valueName":"search_term_string"}}],"inLanguage":"de"},{"@type":"Organization","@id":"https:\/\/b\u00fcrgertreff-schildgen.de\/#organization","name":"B\u00fcrgertreff Schildgen","url":"https:\/\/b\u00fcrgertreff-schildgen.de\/","logo":{"@type":"ImageObject","inLanguage":"de","@id":"https:\/\/b\u00fcrgertreff-schildgen.de\/#\/schema\/logo\/image\/","url":"https:\/\/b\u00fcrgertreff-schildgen.de\/wp-content\/uploads\/2021\/04\/Schild_Schuetzen_Buerger-1.png","contentUrl":"https:\/\/b\u00fcrgertreff-schildgen.de\/wp-content\/uploads\/2021\/04\/Schild_Schuetzen_Buerger-1.png","width":11811,"height":3937,"caption":"B\u00fcrgertreff Schildgen"},"image":{"@id":"https:\/\/b\u00fcrgertreff-schildgen.de\/#\/schema\/logo\/image\/"}}]}},"_links":{"self":[{"href":"https:\/\/b\u00fcrgertreff-schildgen.de\/index.php?rest_route=\/wp\/v2\/pages\/497","targetHints":{"allow":["GET"]}}],"collection":[{"href":"https:\/\/b\u00fcrgertreff-schildgen.de\/index.php?rest_route=\/wp\/v2\/pages"}],"about":[{"href":"https:\/\/b\u00fcrgertreff-schildgen.de\/index.php?rest_route=\/wp\/v2\/types\/page"}],"author":[{"embeddable":true,"href":"https:\/\/b\u00fcrgertreff-schildgen.de\/index.php?rest_route=\/wp\/v2\/users\/1"}],"replies":[{"embeddable":true,"href":"https:\/\/b\u00fcrgertreff-schildgen.de\/index.php?rest_route=%2Fwp%2Fv2%2Fcomments&post=497"}],"version-history":[{"count":55,"href":"https:\/\/b\u00fcrgertreff-schildgen.de\/index.php?rest_route=\/wp\/v2\/pages\/497\/revisions"}],"predecessor-version":[{"id":941,"href":"https:\/\/b\u00fcrgertreff-schildgen.de\/index.php?rest_route=\/wp\/v2\/pages\/497\/revisions\/941"}],"wp:attachment":[{"href":"https:\/\/b\u00fcrgertreff-schildgen.de\/index.php?rest_route=%2Fwp%2Fv2%2Fmedia&parent=497"}],"curies":[{"name":"wp","href":"https:\/\/api.w.org\/{rel}","templated":true}]}}