{"id":142,"date":"2021-03-16T20:51:08","date_gmt":"2021-03-16T20:51:08","guid":{"rendered":"https:\/\/b\u00fcrgertreff-schildgen.de\/?page_id=142"},"modified":"2025-12-31T10:16:41","modified_gmt":"2025-12-31T10:16:41","slug":"anfahrt","status":"publish","type":"page","link":"https:\/\/b\u00fcrgertreff-schildgen.de\/?page_id=142","title":{"rendered":"Anfahrt"},"content":{"rendered":"\t\t<div data-elementor-type=\"wp-page\" data-elementor-id=\"142\" class=\"elementor elementor-142\">\n\t\t\t\t\t\t<section class=\"elementor-section elementor-top-section elementor-element elementor-element-8fcac77 elementor-section-boxed elementor-section-height-default elementor-section-height-default\" data-id=\"8fcac77\" data-element_type=\"section\" data-e-type=\"section\">\n\t\t\t\t\t\t<div class=\"elementor-container elementor-column-gap-default\">\n\t\t\t\t\t<div class=\"elementor-column elementor-col-100 elementor-top-column elementor-element elementor-element-a8b9305\" data-id=\"a8b9305\" data-element_type=\"column\" data-e-type=\"column\">\n\t\t\t<div class=\"elementor-widget-wrap elementor-element-populated\">\n\t\t\t\t\t\t<div class=\"elementor-element elementor-element-13f0486 elementor-widget elementor-widget-image\" data-id=\"13f0486\" data-element_type=\"widget\" data-e-type=\"widget\" data-widget_type=\"image.default\">\n\t\t\t\t<div class=\"elementor-widget-container\">\n\t\t\t\t\t\t\t\t\t\t\t\t\t\t\t<img decoding=\"async\" src=\"https:\/\/b\u00fcrgertreff-schildgen.de\/wp-content\/uploads\/elementor\/thumbs\/Bu\u0308rgertreff-35-scaled-p49p3bhekei9akal620niibrf417bkzxex68q3ybtk.jpg\" title=\"Bu\u0308rgertreff&#8211;35\" alt=\"Das Bild zeigt den Eingangsbereich des B\u00fcrgertreffs von Au\u00dfen\" loading=\"lazy\" \/>\t\t\t\t\t\t\t\t\t\t\t\t\t\t\t<\/div>\n\t\t\t\t<\/div>\n\t\t\t\t\t<\/div>\n\t\t<\/div>\n\t\t\t\t\t<\/div>\n\t\t<\/section>\n\t\t\t\t<section class=\"elementor-section elementor-top-section elementor-element elementor-element-8d5757f elementor-section-boxed elementor-section-height-default elementor-section-height-default\" data-id=\"8d5757f\" data-element_type=\"section\" data-e-type=\"section\">\n\t\t\t\t\t\t<div class=\"elementor-container elementor-column-gap-default\">\n\t\t\t\t\t<div class=\"elementor-column elementor-col-100 elementor-top-column elementor-element elementor-element-4b36a22\" data-id=\"4b36a22\" data-element_type=\"column\" data-e-type=\"column\">\n\t\t\t<div class=\"elementor-widget-wrap elementor-element-populated\">\n\t\t\t\t\t\t<div class=\"elementor-element elementor-element-9ec2ecb elementor-widget elementor-widget-heading\" data-id=\"9ec2ecb\" data-element_type=\"widget\" data-e-type=\"widget\" data-widget_type=\"heading.default\">\n\t\t\t\t<div class=\"elementor-widget-container\">\n\t\t\t\t\t<h1 class=\"elementor-heading-title elementor-size-default\">Anfahrt<\/h1>\t\t\t\t<\/div>\n\t\t\t\t<\/div>\n\t\t\t\t<div class=\"elementor-element elementor-element-1987275 elementor-widget elementor-widget-heading\" data-id=\"1987275\" data-element_type=\"widget\" data-e-type=\"widget\" data-widget_type=\"heading.default\">\n\t\t\t\t<div class=\"elementor-widget-container\">\n\t\t\t\t\t<h2 class=\"elementor-heading-title elementor-size-default\">So k\u00f6nnen Sie uns erreichen<\/h2>\t\t\t\t<\/div>\n\t\t\t\t<\/div>\n\t\t\t\t\t<\/div>\n\t\t<\/div>\n\t\t\t\t\t<\/div>\n\t\t<\/section>\n\t\t\t\t<section class=\"elementor-section elementor-top-section elementor-element elementor-element-251fbd5 elementor-section-boxed elementor-section-height-default elementor-section-height-default\" data-id=\"251fbd5\" data-element_type=\"section\" data-e-type=\"section\">\n\t\t\t\t\t\t<div class=\"elementor-container elementor-column-gap-default\">\n\t\t\t\t\t<div class=\"elementor-column elementor-col-100 elementor-top-column elementor-element elementor-element-9bb350e\" data-id=\"9bb350e\" data-element_type=\"column\" data-e-type=\"column\">\n\t\t\t<div class=\"elementor-widget-wrap elementor-element-populated\">\n\t\t\t\t\t\t<div class=\"elementor-element elementor-element-43943ef elementor-widget elementor-widget-text-editor\" data-id=\"43943ef\" data-element_type=\"widget\" data-e-type=\"widget\" data-widget_type=\"text-editor.default\">\n\t\t\t\t<div class=\"elementor-widget-container\">\n\t\t\t\t\t\t\t\t\t<p>Das B\u00fcrgertreff ist sowohl mit den \u00f6ffentlichen Verkehrsmitteln, als auch mit dem Auto bestens zu erreichen. Durch die Lage im direkten Zentrum von Bergisch Gladbach Schildgen ist eine Anreise mit den Buslinien 227,222 und 434 unkompliziert. Wenn Sie gerne mit dem Auto anreisen m\u00f6chten, stehen direkt vor dem B\u00fcrgertreff einige kostenlose Parkpl\u00e4tze zur Verf\u00fcgung.<\/p>\t\t\t\t\t\t\t\t<\/div>\n\t\t\t\t<\/div>\n\t\t\t\t\t<\/div>\n\t\t<\/div>\n\t\t\t\t\t<\/div>\n\t\t<\/section>\n\t\t\t\t<section class=\"elementor-section elementor-top-section elementor-element elementor-element-65d4280 elementor-section-boxed elementor-section-height-default elementor-section-height-default\" data-id=\"65d4280\" data-element_type=\"section\" data-e-type=\"section\">\n\t\t\t\t\t\t<div class=\"elementor-container elementor-column-gap-default\">\n\t\t\t\t\t<div class=\"elementor-column elementor-col-50 elementor-top-column elementor-element elementor-element-cc7ce7f\" data-id=\"cc7ce7f\" data-element_type=\"column\" data-e-type=\"column\">\n\t\t\t<div class=\"elementor-widget-wrap elementor-element-populated\">\n\t\t\t\t\t\t<div class=\"elementor-element elementor-element-f5e92ee elementor-view-default elementor-widget elementor-widget-icon\" data-id=\"f5e92ee\" data-element_type=\"widget\" data-e-type=\"widget\" data-widget_type=\"icon.default\">\n\t\t\t\t<div class=\"elementor-widget-container\">\n\t\t\t\t\t\t\t<div class=\"elementor-icon-wrapper\">\n\t\t\t<div class=\"elementor-icon\">\n\t\t\t<i aria-hidden=\"true\" class=\"fas fa-car\"><\/i>\t\t\t<\/div>\n\t\t<\/div>\n\t\t\t\t\t\t<\/div>\n\t\t\t\t<\/div>\n\t\t\t\t<div class=\"elementor-element elementor-element-6f14402 elementor-widget elementor-widget-text-editor\" data-id=\"6f14402\" data-element_type=\"widget\" data-e-type=\"widget\" data-widget_type=\"text-editor.default\">\n\t\t\t\t<div class=\"elementor-widget-container\">\n\t\t\t\t\t\t\t\t\t<p>Wir verf\u00fcgen \u00fcber einen gro\u00dfen Parkplatz direkt vor dem B\u00fcrgertreff.\u00a0<\/p><p><span style=\"text-decoration: underline;\">Adresse f\u00fcr das Navi:<\/span><br \/><span style=\"font-size: inherit; text-align: inherit; background-color: var(--background-color); color: var(--color); font-family: var(--fontFamily); font-style: var(--fontStyle, inherit); font-weight: var(--fontWeight); letter-spacing: var(--letterSpacing); text-transform: var(--textTransform);\">Am Schild 31<br \/><\/span><span style=\"font-size: inherit; text-align: inherit; background-color: var(--background-color); color: var(--color); font-family: var(--fontFamily); font-style: var(--fontStyle, inherit); font-weight: var(--fontWeight); letter-spacing: var(--letterSpacing); text-transform: var(--textTransform);\">51467 Bergisch Gladbach<\/span><\/p>\t\t\t\t\t\t\t\t<\/div>\n\t\t\t\t<\/div>\n\t\t\t\t\t<\/div>\n\t\t<\/div>\n\t\t\t\t<div class=\"elementor-column elementor-col-50 elementor-top-column elementor-element elementor-element-4bebffc\" data-id=\"4bebffc\" data-element_type=\"column\" data-e-type=\"column\">\n\t\t\t<div class=\"elementor-widget-wrap elementor-element-populated\">\n\t\t\t\t\t\t<div class=\"elementor-element elementor-element-a599045 elementor-view-default elementor-widget elementor-widget-icon\" data-id=\"a599045\" data-element_type=\"widget\" data-e-type=\"widget\" data-widget_type=\"icon.default\">\n\t\t\t\t<div class=\"elementor-widget-container\">\n\t\t\t\t\t\t\t<div class=\"elementor-icon-wrapper\">\n\t\t\t<div class=\"elementor-icon\">\n\t\t\t<i aria-hidden=\"true\" class=\"fas fa-bus\"><\/i>\t\t\t<\/div>\n\t\t<\/div>\n\t\t\t\t\t\t<\/div>\n\t\t\t\t<\/div>\n\t\t\t\t<div class=\"elementor-element elementor-element-5beb8d8 elementor-widget elementor-widget-text-editor\" data-id=\"5beb8d8\" data-element_type=\"widget\" data-e-type=\"widget\" data-widget_type=\"text-editor.default\">\n\t\t\t\t<div class=\"elementor-widget-container\">\n\t\t\t\t\t\t\t\t\t<p><span style=\"text-decoration: underline;\">Haltestelle Schildgen Kirche<\/span><br \/>Linie\u00a0 \u00a0 \u00a0 \u00a0 \u00a0 \u00a0 \u00a0 \u00a0222\u00a0 \u00a0 \u00a0 \u00a0 \u00a0Bergisch Gladbach \/ Leverkusen<br \/>Linie\u00a0 \u00a0 \u00a0 \u00a0 \u00a0 \u00a0 \u00a0 \u00a0227\u00a0 \u00a0 \u00a0 \u00a0 \u00a0Bergisch Gladbach \/ Leverkusen<br \/>Linie\u00a0 \u00a0 \u00a0 \u00a0 \u00a0 \u00a0 \u00a0 \u00a0434\u00a0 \u00a0 \u00a0 \u00a0 \u00a0Bergisch Gladbach \/ K\u00f6ln<br \/>Nachtbus\u00a0 N41\/42\u00a0 \u00a0Bergisch Gladbach\u00a0<\/p>\t\t\t\t\t\t\t\t<\/div>\n\t\t\t\t<\/div>\n\t\t\t\t\t<\/div>\n\t\t<\/div>\n\t\t\t\t\t<\/div>\n\t\t<\/section>\n\t\t\t\t<section class=\"elementor-section elementor-top-section elementor-element elementor-element-5f58a5c elementor-section-boxed elementor-section-height-default elementor-section-height-default\" data-id=\"5f58a5c\" data-element_type=\"section\" data-e-type=\"section\">\n\t\t\t\t\t\t<div class=\"elementor-container elementor-column-gap-default\">\n\t\t\t\t\t<div class=\"elementor-column elementor-col-100 elementor-top-column elementor-element elementor-element-c19d5db\" data-id=\"c19d5db\" data-element_type=\"column\" data-e-type=\"column\">\n\t\t\t<div class=\"elementor-widget-wrap elementor-element-populated\">\n\t\t\t\t\t\t<div class=\"elementor-element elementor-element-e1d252f elementor-widget elementor-widget-spacer\" data-id=\"e1d252f\" data-element_type=\"widget\" data-e-type=\"widget\" data-widget_type=\"spacer.default\">\n\t\t\t\t<div class=\"elementor-widget-container\">\n\t\t\t\t\t\t\t<div class=\"elementor-spacer\">\n\t\t\t<div class=\"elementor-spacer-inner\"><\/div>\n\t\t<\/div>\n\t\t\t\t\t\t<\/div>\n\t\t\t\t<\/div>\n\t\t\t\t<div class=\"elementor-element elementor-element-1b98ed4 elementor-widget-divider--view-line elementor-widget elementor-widget-divider\" data-id=\"1b98ed4\" data-element_type=\"widget\" data-e-type=\"widget\" data-widget_type=\"divider.default\">\n\t\t\t\t<div class=\"elementor-widget-container\">\n\t\t\t\t\t\t\t<div class=\"elementor-divider\">\n\t\t\t<span class=\"elementor-divider-separator\">\n\t\t\t\t\t\t<\/span>\n\t\t<\/div>\n\t\t\t\t\t\t<\/div>\n\t\t\t\t<\/div>\n\t\t\t\t\t<\/div>\n\t\t<\/div>\n\t\t\t\t\t<\/div>\n\t\t<\/section>\n\t\t\t\t<section class=\"elementor-section elementor-top-section elementor-element elementor-element-51c70c73 elementor-section-boxed elementor-section-height-default elementor-section-height-default\" data-id=\"51c70c73\" data-element_type=\"section\" data-e-type=\"section\">\n\t\t\t\t\t\t<div class=\"elementor-container elementor-column-gap-default\">\n\t\t\t\t\t<div class=\"elementor-column elementor-col-50 elementor-top-column elementor-element elementor-element-5c591508\" data-id=\"5c591508\" data-element_type=\"column\" data-e-type=\"column\">\n\t\t\t<div class=\"elementor-widget-wrap elementor-element-populated\">\n\t\t\t\t\t\t<div class=\"elementor-element elementor-element-319297fb elementor-widget elementor-widget-heading\" data-id=\"319297fb\" data-element_type=\"widget\" data-e-type=\"widget\" data-widget_type=\"heading.default\">\n\t\t\t\t<div class=\"elementor-widget-container\">\n\t\t\t\t\t<h2 class=\"elementor-heading-title elementor-size-default\">Hier finden Sie uns <\/h2>\t\t\t\t<\/div>\n\t\t\t\t<\/div>\n\t\t\t\t<div class=\"elementor-element elementor-element-20cdaf0 elementor-widget elementor-widget-text-editor\" data-id=\"20cdaf0\" data-element_type=\"widget\" data-e-type=\"widget\" data-widget_type=\"text-editor.default\">\n\t\t\t\t<div class=\"elementor-widget-container\">\n\t\t\t\t\t\t\t\t\t<p><span style=\"color: rgb(61, 115, 58); font-family: -apple-system, &quot;system-ui&quot;, &quot;Segoe UI&quot;, Roboto, Helvetica, Arial, sans-serif, &quot;Apple Color Emoji&quot;, &quot;Segoe UI Emoji&quot;, &quot;Segoe UI Symbol&quot;; font-size: 16px;\">B\u00fcrgertreff Schildgen<\/span><br style=\"color: rgb(61, 115, 58); font-family: -apple-system, &quot;system-ui&quot;, &quot;Segoe UI&quot;, Roboto, Helvetica, Arial, sans-serif, &quot;Apple Color Emoji&quot;, &quot;Segoe UI Emoji&quot;, &quot;Segoe UI Symbol&quot;; font-size: 16px;\"><span style=\"color: rgb(61, 115, 58); font-family: -apple-system, &quot;system-ui&quot;, &quot;Segoe UI&quot;, Roboto, Helvetica, Arial, sans-serif, &quot;Apple Color Emoji&quot;, &quot;Segoe UI Emoji&quot;, &quot;Segoe UI Symbol&quot;; font-size: 16px;\">Am Schild 31<\/span><br style=\"color: rgb(61, 115, 58); font-family: -apple-system, &quot;system-ui&quot;, &quot;Segoe UI&quot;, Roboto, Helvetica, Arial, sans-serif, &quot;Apple Color Emoji&quot;, &quot;Segoe UI Emoji&quot;, &quot;Segoe UI Symbol&quot;; font-size: 16px;\"><span style=\"color: rgb(61, 115, 58); font-family: -apple-system, &quot;system-ui&quot;, &quot;Segoe UI&quot;, Roboto, Helvetica, Arial, sans-serif, &quot;Apple Color Emoji&quot;, &quot;Segoe UI Emoji&quot;, &quot;Segoe UI Symbol&quot;; font-size: 16px;\">51467 Bergisch Gladbach<\/span><br><\/p>\t\t\t\t\t\t\t\t<\/div>\n\t\t\t\t<\/div>\n\t\t\t\t\t<\/div>\n\t\t<\/div>\n\t\t\t\t<div class=\"elementor-column elementor-col-25 elementor-top-column elementor-element elementor-element-7ceda11\" data-id=\"7ceda11\" data-element_type=\"column\" data-e-type=\"column\">\n\t\t\t<div class=\"elementor-widget-wrap elementor-element-populated\">\n\t\t\t\t\t\t<div class=\"elementor-element elementor-element-2a604f7c elementor-widget elementor-widget-heading\" data-id=\"2a604f7c\" data-element_type=\"widget\" data-e-type=\"widget\" data-widget_type=\"heading.default\">\n\t\t\t\t<div class=\"elementor-widget-container\">\n\t\t\t\t\t<h2 class=\"elementor-heading-title elementor-size-default\">Inhalt<\/h2>\t\t\t\t<\/div>\n\t\t\t\t<\/div>\n\t\t\t\t<div class=\"elementor-element elementor-element-28c34d8d elementor-widget elementor-widget-text-editor\" data-id=\"28c34d8d\" data-element_type=\"widget\" data-e-type=\"widget\" data-widget_type=\"text-editor.default\">\n\t\t\t\t<div class=\"elementor-widget-container\">\n\t\t\t\t\t\t\t\t\t<p><a href=\"https:\/\/b\u00fcrgertreff-schildgen.de\/\">Home<\/a><br \/><a href=\"https:\/\/b\u00fcrgertreff-schildgen.de\/?page_id=194\">Feiern<\/a><br \/><a href=\"https:\/\/b\u00fcrgertreff-schildgen.de\/?page_id=180\">Tagungen \/ Versammlungen<\/a><br \/><a href=\"https:\/\/b\u00fcrgertreff-schildgen.de\/?page_id=189\">Sport<\/a><br \/><a href=\"https:\/\/b\u00fcrgertreff-schildgen.de\/?page_id=97\">Belegungsplan<\/a><br \/><a href=\"https:\/\/b\u00fcrgertreff-schildgen.de\/?page_id=125\">Kontakt<\/a><br \/><span style=\"font-size: inherit; text-align: inherit; background-color: var(--background-color); color: var(--color); font-family: var(--fontFamily); font-style: var(--fontStyle, inherit); font-weight: var(--fontWeight); letter-spacing: var(--letterSpacing); text-transform: var(--textTransform);\"><a href=\"https:\/\/b\u00fcrgertreff-schildgen.de\/?page_id=142\">Anfahrt\u00a0<\/a><br \/><\/span><\/p>\t\t\t\t\t\t\t\t<\/div>\n\t\t\t\t<\/div>\n\t\t\t\t\t<\/div>\n\t\t<\/div>\n\t\t\t\t<div class=\"elementor-column elementor-col-25 elementor-top-column elementor-element elementor-element-36edf3a0\" data-id=\"36edf3a0\" data-element_type=\"column\" data-e-type=\"column\">\n\t\t\t<div class=\"elementor-widget-wrap elementor-element-populated\">\n\t\t\t\t\t\t<div class=\"elementor-element elementor-element-6a907838 elementor-widget elementor-widget-heading\" data-id=\"6a907838\" data-element_type=\"widget\" data-e-type=\"widget\" data-widget_type=\"heading.default\">\n\t\t\t\t<div class=\"elementor-widget-container\">\n\t\t\t\t\t<h2 class=\"elementor-heading-title elementor-size-default\">Rechtliches <\/h2>\t\t\t\t<\/div>\n\t\t\t\t<\/div>\n\t\t\t\t<div class=\"elementor-element elementor-element-39a3f397 elementor-widget elementor-widget-text-editor\" data-id=\"39a3f397\" data-element_type=\"widget\" data-e-type=\"widget\" data-widget_type=\"text-editor.default\">\n\t\t\t\t<div class=\"elementor-widget-container\">\n\t\t\t\t\t\t\t\t\t<p><a href=\"https:\/\/b\u00fcrgertreff-schildgen.de\/?page_id=233\">Impressum<\/a><br \/><a href=\"https:\/\/b\u00fcrgertreff-schildgen.de\/?page_id=233\">Datenschutz<\/a><br \/><a href=\"https:\/\/xn--brgertreff-schildgen-pec.de\/?page_id=882\">Barrierefreiheit<\/a><\/p>\t\t\t\t\t\t\t\t<\/div>\n\t\t\t\t<\/div>\n\t\t\t\t<div class=\"elementor-element elementor-element-16a28607 elementor-widget elementor-widget-heading\" data-id=\"16a28607\" data-element_type=\"widget\" data-e-type=\"widget\" data-widget_type=\"heading.default\">\n\t\t\t\t<div class=\"elementor-widget-container\">\n\t\t\t\t\t<h2 class=\"elementor-heading-title elementor-size-default\">Anlagen<\/h2>\t\t\t\t<\/div>\n\t\t\t\t<\/div>\n\t\t\t\t<div class=\"elementor-element elementor-element-715af75d elementor-widget elementor-widget-text-editor\" data-id=\"715af75d\" data-element_type=\"widget\" data-e-type=\"widget\" data-widget_type=\"text-editor.default\">\n\t\t\t\t<div class=\"elementor-widget-container\">\n\t\t\t\t\t\t\t\t\t<p><a href=\"https:\/\/b\u00fcrgertreff-schildgen.de\/wp-content\/uploads\/2021\/08\/Benutzerordnung-Buergertreff-2021-08-03.pdf\">Benutzerordnung <\/a><br \/><a href=\"https:\/\/b\u00fcrgertreff-schildgen.de\/wp-content\/uploads\/2024\/11\/Entgeltordnung-Buergertreff-2025-01-01.pdf\">Entgeltordnung<\/a><br \/><a href=\"https:\/\/b\u00fcrgertreff-schildgen.de\/wp-content\/uploads\/2021\/08\/Massplan-BT-1.pdf\">Ma\u00dfplan<\/a><\/p>\t\t\t\t\t\t\t\t<\/div>\n\t\t\t\t<\/div>\n\t\t\t\t\t<\/div>\n\t\t<\/div>\n\t\t\t\t\t<\/div>\n\t\t<\/section>\n\t\t\t\t<\/div>\n\t\t","protected":false},"excerpt":{"rendered":"<p>Anfahrt So k\u00f6nnen Sie uns erreichen Das B\u00fcrgertreff ist sowohl mit den \u00f6ffentlichen Verkehrsmitteln, als auch mit dem Auto bestens zu erreichen. Durch die Lage im direkten Zentrum von Bergisch Gladbach Schildgen ist eine Anreise mit den Buslinien 227,222 und 434 unkompliziert. Wenn Sie gerne mit dem Auto anreisen m\u00f6chten, stehen direkt vor dem B\u00fcrgertreff [&hellip;]<\/p>\n","protected":false},"author":1,"featured_media":0,"parent":0,"menu_order":0,"comment_status":"closed","ping_status":"closed","template":"","meta":{"footnotes":""},"class_list":["post-142","page","type-page","status-publish","hentry"],"blocksy_meta":{"styles_descriptor":{"styles":{"desktop":"","tablet":"","mobile":""},"google_fonts":[],"version":6}},"yoast_head":"<!-- This site is optimized with the Yoast SEO plugin v27.3 - https:\/\/yoast.com\/product\/yoast-seo-wordpress\/ -->\n<title>B\u00fcrgertreff Schildgen Anfahrt &amp; Kontakt<\/title>\n<meta name=\"description\" content=\"Das B\u00fcrgertreff liegt zentral in Bergisch Gladbach Schildgen. Gute Anbindung zum Busnetz. Kostenlose Parkpl\u00e4tze direkt am B\u00fcrgertreff\" \/>\n<meta name=\"robots\" content=\"index, follow, max-snippet:-1, max-image-preview:large, max-video-preview:-1\" \/>\n<link rel=\"canonical\" href=\"https:\/\/b\u00fcrgertreff-schildgen.de\/?page_id=142\" \/>\n<meta property=\"og:locale\" content=\"de_DE\" \/>\n<meta property=\"og:type\" content=\"article\" \/>\n<meta property=\"og:title\" content=\"B\u00fcrgertreff Schildgen Anfahrt &amp; Kontakt\" \/>\n<meta property=\"og:description\" content=\"Das B\u00fcrgertreff liegt zentral in Bergisch Gladbach Schildgen. Gute Anbindung zum Busnetz. Kostenlose Parkpl\u00e4tze direkt am B\u00fcrgertreff\" \/>\n<meta property=\"og:url\" content=\"https:\/\/b\u00fcrgertreff-schildgen.de\/?page_id=142\" \/>\n<meta property=\"og:site_name\" content=\"B\u00fcrgertreff Schildgen\" \/>\n<meta property=\"article:modified_time\" content=\"2025-12-31T10:16:41+00:00\" \/>\n<meta name=\"twitter:card\" content=\"summary_large_image\" \/>\n<meta name=\"twitter:label1\" content=\"Gesch\u00e4tzte Lesezeit\" \/>\n\t<meta name=\"twitter:data1\" content=\"1\u00a0Minute\" \/>\n<script type=\"application\/ld+json\" class=\"yoast-schema-graph\">{\"@context\":\"https:\\\/\\\/schema.org\",\"@graph\":[{\"@type\":\"WebPage\",\"@id\":\"https:\\\/\\\/b\u00fcrgertreff-schildgen.de\\\/?page_id=142\",\"url\":\"https:\\\/\\\/b\u00fcrgertreff-schildgen.de\\\/?page_id=142\",\"name\":\"B\u00fcrgertreff Schildgen Anfahrt & Kontakt\",\"isPartOf\":{\"@id\":\"https:\\\/\\\/b\u00fcrgertreff-schildgen.de\\\/#website\"},\"datePublished\":\"2021-03-16T20:51:08+00:00\",\"dateModified\":\"2025-12-31T10:16:41+00:00\",\"description\":\"Das B\u00fcrgertreff liegt zentral in Bergisch Gladbach Schildgen. Gute Anbindung zum Busnetz. Kostenlose Parkpl\u00e4tze direkt am B\u00fcrgertreff\",\"breadcrumb\":{\"@id\":\"https:\\\/\\\/b\u00fcrgertreff-schildgen.de\\\/?page_id=142#breadcrumb\"},\"inLanguage\":\"de\",\"potentialAction\":[{\"@type\":\"ReadAction\",\"target\":[\"https:\\\/\\\/b\u00fcrgertreff-schildgen.de\\\/?page_id=142\"]}]},{\"@type\":\"BreadcrumbList\",\"@id\":\"https:\\\/\\\/b\u00fcrgertreff-schildgen.de\\\/?page_id=142#breadcrumb\",\"itemListElement\":[{\"@type\":\"ListItem\",\"position\":1,\"name\":\"Startseite\",\"item\":\"https:\\\/\\\/b\u00fcrgertreff-schildgen.de\\\/\"},{\"@type\":\"ListItem\",\"position\":2,\"name\":\"Anfahrt\"}]},{\"@type\":\"WebSite\",\"@id\":\"https:\\\/\\\/b\u00fcrgertreff-schildgen.de\\\/#website\",\"url\":\"https:\\\/\\\/b\u00fcrgertreff-schildgen.de\\\/\",\"name\":\"B\u00fcrgertreff Schildgen\",\"description\":\"Homepage des B\u00fcrgertreffs Schildgen. Der Treffpunkt im Herzen von Schildgen\",\"publisher\":{\"@id\":\"https:\\\/\\\/b\u00fcrgertreff-schildgen.de\\\/#organization\"},\"potentialAction\":[{\"@type\":\"SearchAction\",\"target\":{\"@type\":\"EntryPoint\",\"urlTemplate\":\"https:\\\/\\\/b\u00fcrgertreff-schildgen.de\\\/?s={search_term_string}\"},\"query-input\":{\"@type\":\"PropertyValueSpecification\",\"valueRequired\":true,\"valueName\":\"search_term_string\"}}],\"inLanguage\":\"de\"},{\"@type\":\"Organization\",\"@id\":\"https:\\\/\\\/b\u00fcrgertreff-schildgen.de\\\/#organization\",\"name\":\"B\u00fcrgertreff Schildgen\",\"url\":\"https:\\\/\\\/b\u00fcrgertreff-schildgen.de\\\/\",\"logo\":{\"@type\":\"ImageObject\",\"inLanguage\":\"de\",\"@id\":\"https:\\\/\\\/b\u00fcrgertreff-schildgen.de\\\/#\\\/schema\\\/logo\\\/image\\\/\",\"url\":\"https:\\\/\\\/b\u00fcrgertreff-schildgen.de\\\/wp-content\\\/uploads\\\/2021\\\/04\\\/Schild_Schuetzen_Buerger-1.png\",\"contentUrl\":\"https:\\\/\\\/b\u00fcrgertreff-schildgen.de\\\/wp-content\\\/uploads\\\/2021\\\/04\\\/Schild_Schuetzen_Buerger-1.png\",\"width\":11811,\"height\":3937,\"caption\":\"B\u00fcrgertreff Schildgen\"},\"image\":{\"@id\":\"https:\\\/\\\/b\u00fcrgertreff-schildgen.de\\\/#\\\/schema\\\/logo\\\/image\\\/\"}}]}<\/script>\n<!-- \/ Yoast SEO plugin. -->","yoast_head_json":{"title":"B\u00fcrgertreff Schildgen Anfahrt & Kontakt","description":"Das B\u00fcrgertreff liegt zentral in Bergisch Gladbach Schildgen. Gute Anbindung zum Busnetz. Kostenlose Parkpl\u00e4tze direkt am B\u00fcrgertreff","robots":{"index":"index","follow":"follow","max-snippet":"max-snippet:-1","max-image-preview":"max-image-preview:large","max-video-preview":"max-video-preview:-1"},"canonical":"https:\/\/b\u00fcrgertreff-schildgen.de\/?page_id=142","og_locale":"de_DE","og_type":"article","og_title":"B\u00fcrgertreff Schildgen Anfahrt & Kontakt","og_description":"Das B\u00fcrgertreff liegt zentral in Bergisch Gladbach Schildgen. Gute Anbindung zum Busnetz. Kostenlose Parkpl\u00e4tze direkt am B\u00fcrgertreff","og_url":"https:\/\/b\u00fcrgertreff-schildgen.de\/?page_id=142","og_site_name":"B\u00fcrgertreff Schildgen","article_modified_time":"2025-12-31T10:16:41+00:00","twitter_card":"summary_large_image","twitter_misc":{"Gesch\u00e4tzte Lesezeit":"1\u00a0Minute"},"schema":{"@context":"https:\/\/schema.org","@graph":[{"@type":"WebPage","@id":"https:\/\/b\u00fcrgertreff-schildgen.de\/?page_id=142","url":"https:\/\/b\u00fcrgertreff-schildgen.de\/?page_id=142","name":"B\u00fcrgertreff Schildgen Anfahrt & Kontakt","isPartOf":{"@id":"https:\/\/b\u00fcrgertreff-schildgen.de\/#website"},"datePublished":"2021-03-16T20:51:08+00:00","dateModified":"2025-12-31T10:16:41+00:00","description":"Das B\u00fcrgertreff liegt zentral in Bergisch Gladbach Schildgen. Gute Anbindung zum Busnetz. Kostenlose Parkpl\u00e4tze direkt am B\u00fcrgertreff","breadcrumb":{"@id":"https:\/\/b\u00fcrgertreff-schildgen.de\/?page_id=142#breadcrumb"},"inLanguage":"de","potentialAction":[{"@type":"ReadAction","target":["https:\/\/b\u00fcrgertreff-schildgen.de\/?page_id=142"]}]},{"@type":"BreadcrumbList","@id":"https:\/\/b\u00fcrgertreff-schildgen.de\/?page_id=142#breadcrumb","itemListElement":[{"@type":"ListItem","position":1,"name":"Startseite","item":"https:\/\/b\u00fcrgertreff-schildgen.de\/"},{"@type":"ListItem","position":2,"name":"Anfahrt"}]},{"@type":"WebSite","@id":"https:\/\/b\u00fcrgertreff-schildgen.de\/#website","url":"https:\/\/b\u00fcrgertreff-schildgen.de\/","name":"B\u00fcrgertreff Schildgen","description":"Homepage des B\u00fcrgertreffs Schildgen. Der Treffpunkt im Herzen von Schildgen","publisher":{"@id":"https:\/\/b\u00fcrgertreff-schildgen.de\/#organization"},"potentialAction":[{"@type":"SearchAction","target":{"@type":"EntryPoint","urlTemplate":"https:\/\/b\u00fcrgertreff-schildgen.de\/?s={search_term_string}"},"query-input":{"@type":"PropertyValueSpecification","valueRequired":true,"valueName":"search_term_string"}}],"inLanguage":"de"},{"@type":"Organization","@id":"https:\/\/b\u00fcrgertreff-schildgen.de\/#organization","name":"B\u00fcrgertreff Schildgen","url":"https:\/\/b\u00fcrgertreff-schildgen.de\/","logo":{"@type":"ImageObject","inLanguage":"de","@id":"https:\/\/b\u00fcrgertreff-schildgen.de\/#\/schema\/logo\/image\/","url":"https:\/\/b\u00fcrgertreff-schildgen.de\/wp-content\/uploads\/2021\/04\/Schild_Schuetzen_Buerger-1.png","contentUrl":"https:\/\/b\u00fcrgertreff-schildgen.de\/wp-content\/uploads\/2021\/04\/Schild_Schuetzen_Buerger-1.png","width":11811,"height":3937,"caption":"B\u00fcrgertreff Schildgen"},"image":{"@id":"https:\/\/b\u00fcrgertreff-schildgen.de\/#\/schema\/logo\/image\/"}}]}},"_links":{"self":[{"href":"https:\/\/b\u00fcrgertreff-schildgen.de\/index.php?rest_route=\/wp\/v2\/pages\/142","targetHints":{"allow":["GET"]}}],"collection":[{"href":"https:\/\/b\u00fcrgertreff-schildgen.de\/index.php?rest_route=\/wp\/v2\/pages"}],"about":[{"href":"https:\/\/b\u00fcrgertreff-schildgen.de\/index.php?rest_route=\/wp\/v2\/types\/page"}],"author":[{"embeddable":true,"href":"https:\/\/b\u00fcrgertreff-schildgen.de\/index.php?rest_route=\/wp\/v2\/users\/1"}],"replies":[{"embeddable":true,"href":"https:\/\/b\u00fcrgertreff-schildgen.de\/index.php?rest_route=%2Fwp%2Fv2%2Fcomments&post=142"}],"version-history":[{"count":57,"href":"https:\/\/b\u00fcrgertreff-schildgen.de\/index.php?rest_route=\/wp\/v2\/pages\/142\/revisions"}],"predecessor-version":[{"id":923,"href":"https:\/\/b\u00fcrgertreff-schildgen.de\/index.php?rest_route=\/wp\/v2\/pages\/142\/revisions\/923"}],"wp:attachment":[{"href":"https:\/\/b\u00fcrgertreff-schildgen.de\/index.php?rest_route=%2Fwp%2Fv2%2Fmedia&parent=142"}],"curies":[{"name":"wp","href":"https:\/\/api.w.org\/{rel}","templated":true}]}}